{"id":135,"date":"2025-01-19T09:54:41","date_gmt":"2025-01-19T09:54:41","guid":{"rendered":"http:\/\/sutoris-office.de\/?page_id=135"},"modified":"2025-01-20T11:31:37","modified_gmt":"2025-01-20T11:31:37","slug":"datenschutz","status":"publish","type":"page","link":"https:\/\/sutoris-office.de\/?page_id=135","title":{"rendered":"Datenschutz"},"content":{"rendered":"\t\t<div data-elementor-type=\"wp-post\" data-elementor-id=\"135\" class=\"elementor elementor-135\">\n\t\t\t\t\t\t<section class=\"elementor-section elementor-top-section elementor-element elementor-element-ca19e5a elementor-section-boxed elementor-section-height-default elementor-section-height-default\" data-id=\"ca19e5a\" data-element_type=\"section\">\n\t\t\t\t\t\t<div class=\"elementor-container elementor-column-gap-default\">\n\t\t\t\t\t<div class=\"elementor-column elementor-col-100 elementor-top-column elementor-element elementor-element-bf32a93\" data-id=\"bf32a93\" data-element_type=\"column\">\n\t\t\t<div class=\"elementor-widget-wrap elementor-element-populated\">\n\t\t\t\t\t\t<div class=\"elementor-element elementor-element-a9d15b1 elementor-widget elementor-widget-spacer\" data-id=\"a9d15b1\" data-element_type=\"widget\" data-widget_type=\"spacer.default\">\n\t\t\t\t<div class=\"elementor-widget-container\">\n\t\t\t\t\t\t\t<div class=\"elementor-spacer\">\n\t\t\t<div class=\"elementor-spacer-inner\"><\/div>\n\t\t<\/div>\n\t\t\t\t\t\t<\/div>\n\t\t\t\t<\/div>\n\t\t\t\t\t<\/div>\n\t\t<\/div>\n\t\t\t\t\t<\/div>\n\t\t<\/section>\n\t\t\t\t<section class=\"elementor-section elementor-top-section elementor-element elementor-element-beda999 elementor-section-boxed elementor-section-height-default elementor-section-height-default\" data-id=\"beda999\" data-element_type=\"section\">\n\t\t\t\t\t\t<div class=\"elementor-container elementor-column-gap-default\">\n\t\t\t\t\t<div class=\"elementor-column elementor-col-100 elementor-top-column elementor-element elementor-element-e257ad1\" data-id=\"e257ad1\" data-element_type=\"column\">\n\t\t\t<div class=\"elementor-widget-wrap elementor-element-populated\">\n\t\t\t\t\t\t<div class=\"elementor-element elementor-element-4ef4021 elementor-widget elementor-widget-heading\" data-id=\"4ef4021\" data-element_type=\"widget\" data-widget_type=\"heading.default\">\n\t\t\t\t<div class=\"elementor-widget-container\">\n\t\t\t\t\t<h2 class=\"elementor-heading-title elementor-size-default\">Datenschutz<\/h2>\t\t\t\t<\/div>\n\t\t\t\t<\/div>\n\t\t\t\t<div class=\"elementor-element elementor-element-9e950f3 elementor-widget elementor-widget-text-editor\" data-id=\"9e950f3\" data-element_type=\"widget\" data-widget_type=\"text-editor.default\">\n\t\t\t\t<div class=\"elementor-widget-container\">\n\t\t\t\t\t\t\t\t\t<div><div><div><div><div><p><strong>Datenschutzerkl\u00e4rung<\/strong><\/p><p>Wir freuen uns \u00fcber Ihren Besuch auf unserer Website und \u00fcber Ihr Interesse an unseren Leistungen. Der Schutz pers\u00f6nlichen Daten war und ist uns ein wichtiges Anliegen. Wir wollen daher personenbezogene Daten \u00fcber Sie nur mit Ihrem Wissen bzw. Ihrer Zustimmung erfassen. Im Folgenden informieren wir Sie, welche Informationen wir festhalten und f\u00fcr welche Zwecke wir diese verarbeiten.<\/p><p><strong>Erhebung, Verarbeitung und Nutzung anonymer Daten:<\/strong><\/p><p>Sie k\u00f6nnen unsere Website besuchen, ohne Angaben zu Ihrer Person zu machen. Wir speichern in diesem Zusammenhang keinerlei pers\u00f6nliche Daten. Soweit wir Daten wie z.B. Host-Name, Datum, Uhrzeit oder IP-Adresse erfassen, so werten wir diese lediglich f\u00fcr statistische Zwecke aus, sodass kein R\u00fcckschluss auf Ihre Person m\u00f6glich ist.<\/p><p><strong>Erhebung, Verarbeitung und Nutzung personenbezogene Daten:<\/strong><\/p><p>Aktuell werden keine solchen Daten erfasst, wenn man von Ihrem Namen und den Daten absieht, die Sie uns zur Verf\u00fcgung stellen, wenn Sie unser Kontaktformular nutzen. Diese Informationen werden nicht an Dritte weitergegeben und nur genutzt, um Ihr Anliegen zu bearbeiten.<\/p><p>F\u00fcr die Dauer der Speicherung von personenbezogenen Daten ist die jeweilige gesetzliche Aufbewahrungsfrist ma\u00dfgebend. Nach Ablauf dieser Frist werden personenbezogene Daten gel\u00f6scht, es sei denn, diese w\u00e4ren zur Vertragserf\u00fcllung oder Vertragsanbahnung noch erforderlich.<\/p><p>Grunds\u00e4tzlich gilt: Wir werden pers\u00f6nliche Daten, die Sie uns beim Besuch unserer Homepage anvertrauen, gem\u00e4\u00df den geltenden datenschutzrechtlichen Bestimmungen behandeln.<\/p><p><strong>Cookies\u00a0 \/ Webanalyse:<\/strong><\/p><p>Durch die Verwendung von Cookies \u2013 kleinen Kennungen, die ein Server auf dem Endger\u00e4t, mit dem Sie auf unsere Webseite zugreifen, speichert \u2013 k\u00f6nnen wir etwa die H\u00e4ufigkeit von Seitenaufrufen messen oder die Navigation erleichtern. Selbstverst\u00e4ndlich k\u00f6nnen Sie Cookies jederzeit ablehnen, sofern Ihr Browser dies zul\u00e4sst.<\/p><p>Wir nutzen die hauseigene Software der STRATO AG, Pascalstra\u00dfe 10, 10587 Berlin, f\u00fcr statistische Auswertungen hinsichtlich der Zugriffe auf unsere Website (z.B. Besucherzahl, Internetprovider, Browsertyp). Wenn Sie unsere Webseite aufrufen, wird daher Ihre IP-Adresse erfasst und in sogenannten Logfiles gespeichert. Ihre IP-Adresse wird kurze Zeit nach Beendigung der Verbindung zu unserer Webseite anonymisiert. Die im Rahmen der Webanalyse erfassten Daten lassen keinen R\u00fcckschluss auf Ihre Person zu.<\/p><p><strong>Schutz Ihrer Daten:<\/strong><\/p><p>Wir haben technische und organisatorische Sicherheitsvorkehrungen getroffen (z.B. Zugangsbeschr\u00e4nkungen, Password-Schutz, Datensicherung, Firewall u.a.), um Ihre Daten gegen zuf\u00e4llige oder vors\u00e4tzliche Manipulation, Verlust, Zerst\u00f6rung oder gegen den Zugriff unberechtigter Personen zu sch\u00fctzen.<\/p><p>Bei einer internetbasierten Daten\u00fcbertragung kann ein absoluter Schutz jedoch nicht gew\u00e4hrleistet werden. Aus diesem Grund steht es Ihnen frei, personenbezogene Daten auf alternativen Wegen (Brief, Telefon) an uns zu \u00fcbermitteln.<\/p><p><strong>Recht auf Auskunft, Berichtigung, L\u00f6schung, Sperrung und Widerspruch:<\/strong><\/p><p>Sie haben das Recht Auskunft \u00fcber die von uns \u00fcber Sie gespeicherten Daten zu erhalten sowie das Recht auf Berichtigung, L\u00f6schung bzw. Sperrung dieser Daten. Wenn Sie hierzu ein Anliegen haben, so wenden Sie sich bitte an schriftlich an<\/p><p>Sutoris GmbH<br \/>Stichwort Datenschutz<br \/>Cuvilli\u00e9sstr. 14<br \/>81679 M\u00fcnchen<\/p><p><strong>Beschwerden:<\/strong><\/p><p>Bei etwaigen Beschwerden wenden Sie sich bitte an die zust\u00e4ndige Datenschutzaufsichtsbeh\u00f6rde: Bayerisches Landesamt f\u00fcr Datenschutzaufsicht (BayLDA), Postfach 606, 91511 Ansbach, E-Mail: poststelle@lda.bayern.de, https:\/\/www.lda.bayern.de\/de\/beschwerde.html<\/p><p><strong>Aktualit\u00e4t unserer Datenschutzerkl\u00e4rung:<\/strong><\/p><p>Diese Datenschutzerkl\u00e4rung kann sich im Laufe der Zeit \u00e4ndern, zum Beispiel weil wir ein neues Webanalyse-Werkzeug einsetzen oder die Webseite selbst weiterentwickeln. In diesem Falle nehmen wir auch an der Datenschutzerkl\u00e4rung notwendige Anpassungen vor. Unsere Datenschutzerkl\u00e4rung hat heute den Aktualit\u00e4tsstand Juli 2019.<\/p><\/div><\/div><\/div><\/div><\/div>\t\t\t\t\t\t\t\t<\/div>\n\t\t\t\t<\/div>\n\t\t\t\t\t<\/div>\n\t\t<\/div>\n\t\t\t\t\t<\/div>\n\t\t<\/section>\n\t\t\t\t<section class=\"elementor-section elementor-top-section elementor-element elementor-element-c85d5e7 elementor-section-boxed elementor-section-height-default elementor-section-height-default\" data-id=\"c85d5e7\" data-element_type=\"section\">\n\t\t\t\t\t\t<div class=\"elementor-container elementor-column-gap-default\">\n\t\t\t\t\t<div class=\"elementor-column elementor-col-100 elementor-top-column elementor-element elementor-element-0026a4a\" data-id=\"0026a4a\" data-element_type=\"column\">\n\t\t\t<div class=\"elementor-widget-wrap elementor-element-populated\">\n\t\t\t\t\t\t<div class=\"elementor-element elementor-element-61cc7db elementor-widget elementor-widget-spacer\" data-id=\"61cc7db\" data-element_type=\"widget\" data-widget_type=\"spacer.default\">\n\t\t\t\t<div class=\"elementor-widget-container\">\n\t\t\t\t\t\t\t<div class=\"elementor-spacer\">\n\t\t\t<div class=\"elementor-spacer-inner\"><\/div>\n\t\t<\/div>\n\t\t\t\t\t\t<\/div>\n\t\t\t\t<\/div>\n\t\t\t\t\t<\/div>\n\t\t<\/div>\n\t\t\t\t\t<\/div>\n\t\t<\/section>\n\t\t\t\t<\/div>\n\t\t","protected":false},"excerpt":{"rendered":"<p>Datenschutz Datenschutzerkl\u00e4rung Wir freuen uns \u00fcber Ihren Besuch auf unserer Website und \u00fcber Ihr Interesse an unseren Leistungen. Der Schutz pers\u00f6nlichen Daten war und ist uns ein wichtiges Anliegen. Wir wollen daher personenbezogene Daten \u00fcber Sie nur mit Ihrem Wissen bzw. Ihrer Zustimmung erfassen. Im Folgenden informieren wir Sie, welche Informationen wir festhalten und f\u00fcr [&hellip;]<\/p>\n","protected":false},"author":1,"featured_media":0,"parent":0,"menu_order":0,"comment_status":"closed","ping_status":"closed","template":"","meta":{"site-sidebar-layout":"no-sidebar","site-content-layout":"page-builder","ast-site-content-layout":"","site-content-style":"default","site-sidebar-style":"default","ast-global-header-display":"","ast-banner-title-visibility":"","ast-main-header-display":"","ast-hfb-above-header-display":"","ast-hfb-below-header-display":"","ast-hfb-mobile-header-display":"","site-post-title":"disabled","ast-breadcrumbs-content":"","ast-featured-img":"disabled","footer-sml-layout":"","theme-transparent-header-meta":"default","adv-header-id-meta":"","stick-header-meta":"","header-above-stick-meta":"","header-main-stick-meta":"","header-below-stick-meta":"","astra-migrate-meta-layouts":"default","ast-page-background-enabled":"default","ast-page-background-meta":{"desktop":{"background-color":"var(--ast-global-color-4)","background-image":"","background-repeat":"repeat","background-position":"center center","background-size":"auto","background-attachment":"scroll","background-type":"","background-media":"","overlay-type":"","overlay-color":"","overlay-gradient":""},"tablet":{"background-color":"","background-image":"","background-repeat":"repeat","background-position":"center center","background-size":"auto","background-attachment":"scroll","background-type":"","background-media":"","overlay-type":"","overlay-color":"","overlay-gradient":""},"mobile":{"background-color":"","background-image":"","background-repeat":"repeat","background-position":"center center","background-size":"auto","background-attachment":"scroll","background-type":"","background-media":"","overlay-type":"","overlay-color":"","overlay-gradient":""}},"ast-content-background-meta":{"desktop":{"background-color":"var(--ast-global-color-5)","background-image":"","background-repeat":"repeat","background-position":"center center","background-size":"auto","background-attachment":"scroll","background-type":"","background-media":"","overlay-type":"","overlay-color":"","overlay-gradient":""},"tablet":{"background-color":"var(--ast-global-color-5)","background-image":"","background-repeat":"repeat","background-position":"center center","background-size":"auto","background-attachment":"scroll","background-type":"","background-media":"","overlay-type":"","overlay-color":"","overlay-gradient":""},"mobile":{"background-color":"var(--ast-global-color-5)","background-image":"","background-repeat":"repeat","background-position":"center center","background-size":"auto","background-attachment":"scroll","background-type":"","background-media":"","overlay-type":"","overlay-color":"","overlay-gradient":""}},"footnotes":""},"class_list":["post-135","page","type-page","status-publish","hentry"],"_links":{"self":[{"href":"https:\/\/sutoris-office.de\/index.php?rest_route=\/wp\/v2\/pages\/135","targetHints":{"allow":["GET"]}}],"collection":[{"href":"https:\/\/sutoris-office.de\/index.php?rest_route=\/wp\/v2\/pages"}],"about":[{"href":"https:\/\/sutoris-office.de\/index.php?rest_route=\/wp\/v2\/types\/page"}],"author":[{"embeddable":true,"href":"https:\/\/sutoris-office.de\/index.php?rest_route=\/wp\/v2\/users\/1"}],"replies":[{"embeddable":true,"href":"https:\/\/sutoris-office.de\/index.php?rest_route=%2Fwp%2Fv2%2Fcomments&post=135"}],"version-history":[{"count":5,"href":"https:\/\/sutoris-office.de\/index.php?rest_route=\/wp\/v2\/pages\/135\/revisions"}],"predecessor-version":[{"id":435,"href":"https:\/\/sutoris-office.de\/index.php?rest_route=\/wp\/v2\/pages\/135\/revisions\/435"}],"wp:attachment":[{"href":"https:\/\/sutoris-office.de\/index.php?rest_route=%2Fwp%2Fv2%2Fmedia&parent=135"}],"curies":[{"name":"wp","href":"https:\/\/api.w.org\/{rel}","templated":true}]}}